{"id":4668,"date":"2018-07-12T14:32:17","date_gmt":"2018-07-12T14:32:17","guid":{"rendered":"https:\/\/www.monblanc-traiteur.com\/contacts\/"},"modified":"2025-08-18T08:56:49","modified_gmt":"2025-08-18T08:56:49","slug":"contacts","status":"publish","type":"page","link":"https:\/\/www.monblanc-traiteur.com\/en\/contacts\/","title":{"rendered":"Contacts"},"content":{"rendered":"<div class=\"wpb-content-wrapper\">[vc_row][vc_column]\t<section class=\"section section--intro\">\r\n\t\t<div class=\"intro intro--inner intro--small \">\r\n\t\t\t\r\n\t\t\t\t\t\t\t<div class=\"intro__bg\" style=\"background-image: url(https:\/\/www.monblanc-traiteur.com\/wp-content\/uploads\/2018\/07\/intro-bg-6.jpg);\"><\/div><!-- \/.intro__bg -->\r\n\t\t\t\r\n\t\t\t<button type=\"button\" class=\"btn-scrool-down\">\r\n\t\t\t\t<span>\r\n\t\t\t\t\t\t\t\t\t\t\t\t\t\t<img decoding=\"async\" src=\"https:\/\/www.monblanc-traiteur.com\/wp-content\/themes\/monblanc-project\/resources\/images\/temp\/scroll-down-en.svg\" style=\"transform: translateY(30px);\" alt=\"\" \/>\r\n\t\t\t\t\t\t\t\t\t\t<\/span>\r\n\r\n\t\t\t\t<i class=\"ico-mouse\"><\/i>\r\n\t\t\t<\/button>\r\n\t\t<\/div><!-- \/.intro intro-\/-inner -->\r\n\t<\/section><!-- \/.section section-\/-intro -->\r\n\t[\/vc_column][\/vc_row][vc_row][vc_column el_class=&#8221;scroll-target&#8221;]\t<section class=\"section section--map pulled-up\">\r\n\t\t<div class=\"shell\">\r\n\t\t\t\t\t\t\t<div class=\"section__actions\">\r\n\t\t\t\t\t<div class=\"list-buttons\">\r\n\t\t\t\t\t\t<ul>\r\n\t\t\t\t\t\t\t\t\t\t\t\t\t\t\t<li>\r\n\t\t\t\t\t\t\t\t\t<a href=\"https:\/\/www.monblanc-traiteur.com\/en\/devis\/\" class=\"btn btn--large btn--gold\">\r\n\t\t\t\t\t\t\t\t\t\t<i class=\"ico-calc-dark\"><\/i>\r\n\r\n\t\t\t\t\t\t\t\t\t\t<span>GET AN ESTIMATE<\/span>\r\n\t\t\t\t\t\t\t\t\t<\/a>\r\n\t\t\t\t\t\t\t\t<\/li>\r\n\t\t\t\t\t\t\t\t\t\t\t\t\t\t\r\n\t\t\t\t\t\t\t\t\t\t\t\t\t\t\t<li>\r\n\t\t\t\t\t\t\t\t\t<a href=\"https:\/\/www.monblanc-traiteur.com\/en\/recrutement\/\" class=\"btn btn--large btn--blue\">\r\n\t\t\t\t\t\t\t\t\t\t<i class=\"ico-people-white\"><\/i>\r\n\r\n\t\t\t\t\t\t\t\t\t\t<span>RECRUITMENT<\/span>\r\n\t\t\t\t\t\t\t\t\t<\/a>\r\n\t\t\t\t\t\t\t\t<\/li>\r\n\t\t\t\t\t\t\t\t\t\t\t\t\t<\/ul>\r\n\t\t\t\t\t<\/div><!-- \/.list-buttons -->\r\n\t\t\t\t<\/div><!-- \/.section__actions -->\r\n\t\t\t\t\t\t\r\n\t\t\t<div class=\"section__inner\">\r\n\t\t\t\t<div class=\"map-container\">\r\n\r\n\t\t\t\t\t<img decoding=\"async\" src=\"https:\/\/www.monblanc-traiteur.com\/wp-content\/themes\/monblanc-project\/resources\/images\/map.jpg\" alt=\"\">\r\n\r\n\t\t\t\t\t<div class=\"map-info\">\r\n\t\t\t\t\t\t<h1 class=\"contact-entry-title\">monblanc traiteur<\/h1>\n<p>2409 avenue de Bordeaux<br \/>\n33127 Saint Jean-d\u2019Illac<\/p>\n<p><a href=\"tel:+33556216132\">+33 5 56 21 61 32<\/a> <a href=\"mailto:contact@monblanc-traiteur.com\">contact@monblanc-traiteur.com<\/a><\/p>\n\t\t\t\t\t<\/div><!-- \/.map-info -->\r\n\t\t\t\t<\/div><!-- \/.map-container -->\r\n\t\t\t<\/div><!-- \/.section__inner -->\r\n\t\t\t\r\n\t\t\t\r\n\t\t<\/div><!-- \/.shell -->\r\n\t<\/section><!-- \/.section section-\/-map pulled-up -->\r\n\t[\/vc_column][\/vc_row][vc_row][vc_column]\t<section class=\"section section--details section--yellow\">\r\n\t\t<div class=\"shell\">\r\n\t\t\t\t\t\t\t<header class=\"section__head\">\r\n\t\t\t\t\t\t\t\t\t\t\t<h6>monblanc traiteur<\/h6>\r\n\t\t\t\t\t\t\t\t\t\t\r\n\t\t\t\t\t\t\t\t\t\t\t<h2>in a few figures<\/h2>\r\n\t\t\t\t\t\t\t\t\t<\/header><!-- \/.section__head -->\r\n\t\t\t\t\t\t\r\n\t\t\t\t\t\t\t<div class=\"section__body\">\r\n\t\t\t\t\t<div class=\"details\">\r\n\t\t\t\t\t\t<ul>\r\n\t\t\t\t\t\t\t\t\t\t\t\t\t\t\t<li>\r\n\t\t\t\t\t\t\t\t\t<div class=\"detail\">\r\n\t\t\t\t\t\t\t\t\t\t<div class=\"detail__head\">\r\n\t\t\t\t\t\t\t\t\t\t\t<strong> \t<i class=\"ico-cutlery\"><\/i>\r\n\t <\/strong>\r\n\t\t\t\t\t\t\t\t\t\t<\/div><!-- \/.detail__head -->\r\n\t\t\t\t\t\t\t\t\t\t\r\n\t\t\t\t\t\t\t\t\t\t<div class=\"detail__body\">\r\n\t\t\t\t\t\t\t\t\t\t\t<p><strong>62 000<\/strong> cutlery<br \/>served per year<\/p>\n\t\t\t\t\t\t\t\t\t\t<\/div><!-- \/.detail__body -->\r\n\t\t\t\t\t\t\t\t\t<\/div><!-- \/.detail -->\r\n\t\t\t\t\t\t\t\t<\/li>\r\n\t\t\t\t\t\t\t\t\t\t\t\t\t\t\t<li>\r\n\t\t\t\t\t\t\t\t\t<div class=\"detail\">\r\n\t\t\t\t\t\t\t\t\t\t<div class=\"detail__head\">\r\n\t\t\t\t\t\t\t\t\t\t\t<strong> <i class=\"ico-tray\"><\/i> <\/strong>\r\n\t\t\t\t\t\t\t\t\t\t<\/div><!-- \/.detail__head -->\r\n\t\t\t\t\t\t\t\t\t\t\r\n\t\t\t\t\t\t\t\t\t\t<div class=\"detail__body\">\r\n\t\t\t\t\t\t\t\t\t\t\t<p><strong>700<\/strong> services<br \/>per year<\/p>\n\t\t\t\t\t\t\t\t\t\t<\/div><!-- \/.detail__body -->\r\n\t\t\t\t\t\t\t\t\t<\/div><!-- \/.detail -->\r\n\t\t\t\t\t\t\t\t<\/li>\r\n\t\t\t\t\t\t\t\t\t\t\t\t\t\t\t<li>\r\n\t\t\t\t\t\t\t\t\t<div class=\"detail\">\r\n\t\t\t\t\t\t\t\t\t\t<div class=\"detail__head\">\r\n\t\t\t\t\t\t\t\t\t\t\t<strong> <i class=\"ico-skewer\"><\/i> <\/strong>\r\n\t\t\t\t\t\t\t\t\t\t<\/div><!-- \/.detail__head -->\r\n\t\t\t\t\t\t\t\t\t\t\r\n\t\t\t\t\t\t\t\t\t\t<div class=\"detail__body\">\r\n\t\t\t\t\t\t\t\t\t\t\t<p><strong>357 000<\/strong> cocktail parts produced<\/p>\n\t\t\t\t\t\t\t\t\t\t<\/div><!-- \/.detail__body -->\r\n\t\t\t\t\t\t\t\t\t<\/div><!-- \/.detail -->\r\n\t\t\t\t\t\t\t\t<\/li>\r\n\t\t\t\t\t\t\t\t\t\t\t\t\t\t\t<li>\r\n\t\t\t\t\t\t\t\t\t<div class=\"detail\">\r\n\t\t\t\t\t\t\t\t\t\t<div class=\"detail__head\">\r\n\t\t\t\t\t\t\t\t\t\t\t<strong> <i class=\"ico-truck\"><\/i> <\/strong>\r\n\t\t\t\t\t\t\t\t\t\t<\/div><!-- \/.detail__head -->\r\n\t\t\t\t\t\t\t\t\t\t\r\n\t\t\t\t\t\t\t\t\t\t<div class=\"detail__body\">\r\n\t\t\t\t\t\t\t\t\t\t\t<p><strong>1 012<\/strong> deliveries L\u2019Essentiel\u00ae Monblanc <\/p>\n\t\t\t\t\t\t\t\t\t\t<\/div><!-- \/.detail__body -->\r\n\t\t\t\t\t\t\t\t\t<\/div><!-- \/.detail -->\r\n\t\t\t\t\t\t\t\t<\/li>\r\n\t\t\t\t\t\t\t\t\t\t\t\t\t<\/ul>\r\n\t\t\t\t\t<\/div><!-- \/.details -->\r\n\t\t\t\t<\/div><!-- \/.section__body -->\r\n\t\t\t\t\t<\/div><!-- \/.shell -->\r\n\t<\/section><!-- \/.section section-\/-details -->\r\n\t[\/vc_column][\/vc_row]\n<\/div>","protected":false},"excerpt":{"rendered":"<p>[vc_row][vc_column][\/vc_column][\/vc_row][vc_row][vc_column el_class=&#8221;scroll-target&#8221;][\/vc_column][\/vc_row][vc_row][vc_column][\/vc_column][\/vc_row]<\/p>\n","protected":false},"author":8,"featured_media":3275,"parent":0,"menu_order":0,"comment_status":"closed","ping_status":"closed","template":"templates\/home.php","meta":{"_acf_changed":false,"footnotes":""},"class_list":["post-4668","page","type-page","status-publish","has-post-thumbnail","hentry"],"acf":[],"yoast_head":"<!-- This site is optimized with the Yoast SEO plugin v24.1 - https:\/\/yoast.com\/wordpress\/plugins\/seo\/ -->\n<title>Contact - La maison Monblanc Traiteur<\/title>\n<meta name=\"description\" content=\"N&#039;h\u00e9sitez pas \u00e0 nous contacter pour vos \u00e9v\u00e9nements et renseignements. La Maison Monblanc Traiteur reste \u00e0 votre \u00e9coute et disposition.\" \/>\n<meta name=\"robots\" content=\"index, follow, max-snippet:-1, max-image-preview:large, max-video-preview:-1\" \/>\n<link rel=\"canonical\" href=\"https:\/\/www.monblanc-traiteur.com\/en\/contacts\/\" \/>\n<meta property=\"og:locale\" content=\"en_US\" \/>\n<meta property=\"og:type\" content=\"article\" \/>\n<meta property=\"og:title\" content=\"Contact - La maison Monblanc Traiteur\" \/>\n<meta property=\"og:description\" content=\"N&#039;h\u00e9sitez pas \u00e0 nous contacter pour vos \u00e9v\u00e9nements et renseignements. La Maison Monblanc Traiteur reste \u00e0 votre \u00e9coute et disposition.\" \/>\n<meta property=\"og:url\" content=\"https:\/\/www.monblanc-traiteur.com\/en\/contacts\/\" \/>\n<meta property=\"og:site_name\" content=\"La maison Monblanc\" \/>\n<meta property=\"article:modified_time\" content=\"2025-08-18T08:56:49+00:00\" \/>\n<meta property=\"og:image\" content=\"https:\/\/www.monblanc-traiteur.com\/wp-content\/uploads\/2018\/07\/intro-bg-6.jpg\" \/>\n\t<meta property=\"og:image:width\" content=\"1581\" \/>\n\t<meta property=\"og:image:height\" content=\"466\" \/>\n\t<meta property=\"og:image:type\" content=\"image\/jpeg\" \/>\n<meta name=\"twitter:card\" content=\"summary_large_image\" \/>\n<meta name=\"twitter:label1\" content=\"Est. reading time\" \/>\n\t<meta name=\"twitter:data1\" content=\"1 minute\" \/>\n<script type=\"application\/ld+json\" class=\"yoast-schema-graph\">{\"@context\":\"https:\/\/schema.org\",\"@graph\":[{\"@type\":\"WebPage\",\"@id\":\"https:\/\/www.monblanc-traiteur.com\/en\/contacts\/\",\"url\":\"https:\/\/www.monblanc-traiteur.com\/en\/contacts\/\",\"name\":\"Contact - La maison Monblanc Traiteur\",\"isPartOf\":{\"@id\":\"https:\/\/www.monblanc-traiteur.com\/#website\"},\"primaryImageOfPage\":{\"@id\":\"https:\/\/www.monblanc-traiteur.com\/en\/contacts\/#primaryimage\"},\"image\":{\"@id\":\"https:\/\/www.monblanc-traiteur.com\/en\/contacts\/#primaryimage\"},\"thumbnailUrl\":\"https:\/\/www.monblanc-traiteur.com\/wp-content\/uploads\/2018\/07\/intro-bg-6.jpg\",\"datePublished\":\"2018-07-12T14:32:17+00:00\",\"dateModified\":\"2025-08-18T08:56:49+00:00\",\"description\":\"N'h\u00e9sitez pas \u00e0 nous contacter pour vos \u00e9v\u00e9nements et renseignements. La Maison Monblanc Traiteur reste \u00e0 votre \u00e9coute et disposition.\",\"breadcrumb\":{\"@id\":\"https:\/\/www.monblanc-traiteur.com\/en\/contacts\/#breadcrumb\"},\"inLanguage\":\"en-US\",\"potentialAction\":[{\"@type\":\"ReadAction\",\"target\":[\"https:\/\/www.monblanc-traiteur.com\/en\/contacts\/\"]}]},{\"@type\":\"ImageObject\",\"inLanguage\":\"en-US\",\"@id\":\"https:\/\/www.monblanc-traiteur.com\/en\/contacts\/#primaryimage\",\"url\":\"https:\/\/www.monblanc-traiteur.com\/wp-content\/uploads\/2018\/07\/intro-bg-6.jpg\",\"contentUrl\":\"https:\/\/www.monblanc-traiteur.com\/wp-content\/uploads\/2018\/07\/intro-bg-6.jpg\",\"width\":1581,\"height\":466,\"caption\":\"Traiteur en Gironde - Traiteur Bordeaux - Traiteur mariage\"},{\"@type\":\"BreadcrumbList\",\"@id\":\"https:\/\/www.monblanc-traiteur.com\/en\/contacts\/#breadcrumb\",\"itemListElement\":[{\"@type\":\"ListItem\",\"position\":1,\"name\":\"Accueil\",\"item\":\"https:\/\/www.monblanc-traiteur.com\/en\/home\/\"},{\"@type\":\"ListItem\",\"position\":2,\"name\":\"Contacts\"}]},{\"@type\":\"WebSite\",\"@id\":\"https:\/\/www.monblanc-traiteur.com\/#website\",\"url\":\"https:\/\/www.monblanc-traiteur.com\/\",\"name\":\"La maison Monblanc\",\"description\":\"Un traiteur de prestige\",\"potentialAction\":[{\"@type\":\"SearchAction\",\"target\":{\"@type\":\"EntryPoint\",\"urlTemplate\":\"https:\/\/www.monblanc-traiteur.com\/?s={search_term_string}\"},\"query-input\":{\"@type\":\"PropertyValueSpecification\",\"valueRequired\":true,\"valueName\":\"search_term_string\"}}],\"inLanguage\":\"en-US\"}]}<\/script>\n<!-- \/ Yoast SEO plugin. -->","yoast_head_json":{"title":"Contact - La maison Monblanc Traiteur","description":"N'h\u00e9sitez pas \u00e0 nous contacter pour vos \u00e9v\u00e9nements et renseignements. La Maison Monblanc Traiteur reste \u00e0 votre \u00e9coute et disposition.","robots":{"index":"index","follow":"follow","max-snippet":"max-snippet:-1","max-image-preview":"max-image-preview:large","max-video-preview":"max-video-preview:-1"},"canonical":"https:\/\/www.monblanc-traiteur.com\/en\/contacts\/","og_locale":"en_US","og_type":"article","og_title":"Contact - La maison Monblanc Traiteur","og_description":"N'h\u00e9sitez pas \u00e0 nous contacter pour vos \u00e9v\u00e9nements et renseignements. La Maison Monblanc Traiteur reste \u00e0 votre \u00e9coute et disposition.","og_url":"https:\/\/www.monblanc-traiteur.com\/en\/contacts\/","og_site_name":"La maison Monblanc","article_modified_time":"2025-08-18T08:56:49+00:00","og_image":[{"width":1581,"height":466,"url":"https:\/\/www.monblanc-traiteur.com\/wp-content\/uploads\/2018\/07\/intro-bg-6.jpg","type":"image\/jpeg"}],"twitter_card":"summary_large_image","twitter_misc":{"Est. reading time":"1 minute"},"schema":{"@context":"https:\/\/schema.org","@graph":[{"@type":"WebPage","@id":"https:\/\/www.monblanc-traiteur.com\/en\/contacts\/","url":"https:\/\/www.monblanc-traiteur.com\/en\/contacts\/","name":"Contact - La maison Monblanc Traiteur","isPartOf":{"@id":"https:\/\/www.monblanc-traiteur.com\/#website"},"primaryImageOfPage":{"@id":"https:\/\/www.monblanc-traiteur.com\/en\/contacts\/#primaryimage"},"image":{"@id":"https:\/\/www.monblanc-traiteur.com\/en\/contacts\/#primaryimage"},"thumbnailUrl":"https:\/\/www.monblanc-traiteur.com\/wp-content\/uploads\/2018\/07\/intro-bg-6.jpg","datePublished":"2018-07-12T14:32:17+00:00","dateModified":"2025-08-18T08:56:49+00:00","description":"N'h\u00e9sitez pas \u00e0 nous contacter pour vos \u00e9v\u00e9nements et renseignements. La Maison Monblanc Traiteur reste \u00e0 votre \u00e9coute et disposition.","breadcrumb":{"@id":"https:\/\/www.monblanc-traiteur.com\/en\/contacts\/#breadcrumb"},"inLanguage":"en-US","potentialAction":[{"@type":"ReadAction","target":["https:\/\/www.monblanc-traiteur.com\/en\/contacts\/"]}]},{"@type":"ImageObject","inLanguage":"en-US","@id":"https:\/\/www.monblanc-traiteur.com\/en\/contacts\/#primaryimage","url":"https:\/\/www.monblanc-traiteur.com\/wp-content\/uploads\/2018\/07\/intro-bg-6.jpg","contentUrl":"https:\/\/www.monblanc-traiteur.com\/wp-content\/uploads\/2018\/07\/intro-bg-6.jpg","width":1581,"height":466,"caption":"Traiteur en Gironde - Traiteur Bordeaux - Traiteur mariage"},{"@type":"BreadcrumbList","@id":"https:\/\/www.monblanc-traiteur.com\/en\/contacts\/#breadcrumb","itemListElement":[{"@type":"ListItem","position":1,"name":"Accueil","item":"https:\/\/www.monblanc-traiteur.com\/en\/home\/"},{"@type":"ListItem","position":2,"name":"Contacts"}]},{"@type":"WebSite","@id":"https:\/\/www.monblanc-traiteur.com\/#website","url":"https:\/\/www.monblanc-traiteur.com\/","name":"La maison Monblanc","description":"Un traiteur de prestige","potentialAction":[{"@type":"SearchAction","target":{"@type":"EntryPoint","urlTemplate":"https:\/\/www.monblanc-traiteur.com\/?s={search_term_string}"},"query-input":{"@type":"PropertyValueSpecification","valueRequired":true,"valueName":"search_term_string"}}],"inLanguage":"en-US"}]}},"_links":{"self":[{"href":"https:\/\/www.monblanc-traiteur.com\/en\/wp-json\/wp\/v2\/pages\/4668","targetHints":{"allow":["GET"]}}],"collection":[{"href":"https:\/\/www.monblanc-traiteur.com\/en\/wp-json\/wp\/v2\/pages"}],"about":[{"href":"https:\/\/www.monblanc-traiteur.com\/en\/wp-json\/wp\/v2\/types\/page"}],"author":[{"embeddable":true,"href":"https:\/\/www.monblanc-traiteur.com\/en\/wp-json\/wp\/v2\/users\/8"}],"replies":[{"embeddable":true,"href":"https:\/\/www.monblanc-traiteur.com\/en\/wp-json\/wp\/v2\/comments?post=4668"}],"version-history":[{"count":11,"href":"https:\/\/www.monblanc-traiteur.com\/en\/wp-json\/wp\/v2\/pages\/4668\/revisions"}],"predecessor-version":[{"id":4849,"href":"https:\/\/www.monblanc-traiteur.com\/en\/wp-json\/wp\/v2\/pages\/4668\/revisions\/4849"}],"wp:featuredmedia":[{"embeddable":true,"href":"https:\/\/www.monblanc-traiteur.com\/en\/wp-json\/wp\/v2\/media\/3275"}],"wp:attachment":[{"href":"https:\/\/www.monblanc-traiteur.com\/en\/wp-json\/wp\/v2\/media?parent=4668"}],"curies":[{"name":"wp","href":"https:\/\/api.w.org\/{rel}","templated":true}]}}